{"id":3,"date":"2023-11-01T23:53:32","date_gmt":"2023-11-01T20:53:32","guid":{"rendered":"https:\/\/www.guzeldagtekstil.com.tr\/en\/?page_id=3"},"modified":"2023-11-22T10:58:23","modified_gmt":"2023-11-22T07:58:23","slug":"privacy-policy","status":"publish","type":"page","link":"https:\/\/www.guzeldagtekstil.com.tr\/en\/privacy-policy","title":{"rendered":"Privacy Policy"},"content":{"rendered":"\n<p>G\u00dcZELDA\u011e TEKST\u0130L DER\u0130C\u0130L\u0130K SANAY\u0130 VE T\u0130CARET L\u0130M\u0130TED&nbsp;\u015e\u0130RKET\u0130 (hereafter referred to as \u2018G\u00fczelda\u011f Textile\u2019) may automatically record certain technical information, such as non-personal IP addresses, through the use of \u201cCookie\u201d technology when users access the website. This information may include users\u2019 internet browser type, domain address of internet service providers, visit count, duration, and preferences. The number of visitors to the site is tracked cumulatively. This process does not include personal information of the users. These non-personal information help maintain the website\u2019s currency and enable the evaluation of site users based on their interests. These non-personal information may be shared with G\u00fczelda\u011f Textile\u2019s business partners. Users can adjust their computer settings to block the use of \u201ccookies\u201d or to receive warnings if \u201ccookies\u201d are being used.<\/p>\n\n\n\n<p>G\u00fczelda\u011f Textile provides links to different internet addresses from its pages. G\u00fczelda\u011f Textile is not responsible for the content or privacy principles of the websites to which it provides links, advertises banners, or promotes in advertising areas. The mentioned process of providing links is legally considered as \u201creference.\u201d<\/p>\n\n\n\n<p>G\u00fczelda\u011f Textile reserves the right to make changes to this website\u2019s privacy policy without prior notice.<\/p>\n\n\n\n<p>Every visitor using the G\u00fczelda\u011f Textile website is deemed to have accepted the privacy policy stated above.<\/p>\n","protected":false},"excerpt":{"rendered":"<p>G\u00dcZELDA\u011e TEKST\u0130L DER\u0130C\u0130L\u0130K SANAY\u0130 VE T\u0130CARET L\u0130M\u0130TED&nbsp;\u015e\u0130RKET\u0130 (hereafter referred to as \u2018G\u00fczelda\u011f Textile\u2019) may automatically record certain technical information, such as non-personal IP addresses, through the use of \u201cCookie\u201d technology when users access the website. This information may include users\u2019 internet browser type, domain address of internet service providers, visit count, duration, and preferences. The [&hellip;]<\/p>\n","protected":false},"author":1,"featured_media":0,"parent":0,"menu_order":0,"comment_status":"closed","ping_status":"closed","template":"","meta":{"footnotes":""},"_links":{"self":[{"href":"https:\/\/www.guzeldagtekstil.com.tr\/en\/wp-json\/wp\/v2\/pages\/3"}],"collection":[{"href":"https:\/\/www.guzeldagtekstil.com.tr\/en\/wp-json\/wp\/v2\/pages"}],"about":[{"href":"https:\/\/www.guzeldagtekstil.com.tr\/en\/wp-json\/wp\/v2\/types\/page"}],"author":[{"embeddable":true,"href":"https:\/\/www.guzeldagtekstil.com.tr\/en\/wp-json\/wp\/v2\/users\/1"}],"replies":[{"embeddable":true,"href":"https:\/\/www.guzeldagtekstil.com.tr\/en\/wp-json\/wp\/v2\/comments?post=3"}],"version-history":[{"count":5,"href":"https:\/\/www.guzeldagtekstil.com.tr\/en\/wp-json\/wp\/v2\/pages\/3\/revisions"}],"predecessor-version":[{"id":701,"href":"https:\/\/www.guzeldagtekstil.com.tr\/en\/wp-json\/wp\/v2\/pages\/3\/revisions\/701"}],"wp:attachment":[{"href":"https:\/\/www.guzeldagtekstil.com.tr\/en\/wp-json\/wp\/v2\/media?parent=3"}],"curies":[{"name":"wp","href":"https:\/\/api.w.org\/{rel}","templated":true}]}}