{"id":20,"date":"2023-11-02T13:24:05","date_gmt":"2023-11-02T10:24:05","guid":{"rendered":"https:\/\/www.guzeldagtekstil.com.tr\/en\/?page_id=20"},"modified":"2023-11-22T10:54:31","modified_gmt":"2023-11-22T07:54:31","slug":"terms-of-use","status":"publish","type":"page","link":"https:\/\/www.guzeldagtekstil.com.tr\/en\/terms-of-use","title":{"rendered":"Terms Of Use"},"content":{"rendered":"\n<p>This website (www.guzeldagtekstil.com.tr) contains various designs, trademarks, logos, and information and documents including audio, visuals, and text (hereinafter referred to as \u2018content\u2019) that are the intellectual property and copyright of G\u00dcZELDA\u011e TEKST\u0130L DER\u0130C\u0130L\u0130K SANAY\u0130 VE T\u0130CARET L\u0130M\u0130TED&nbsp;\u015e\u0130RKET\u0130 (hereinafter referred to as \u2018G\u00fczeldag Textile\u2019) or used within the framework of a license agreement.<\/p>\n\n\n\n<p>The entire content or any part thereof on our website can only be used with the written permission of its owners. Unauthorized modification, copying, renting, lending, transmitting, and publishing of the content is prohibited. Content obtained from the website cannot be used for any commercial purposes.<\/p>\n\n\n\n<p>G\u00fczeldag Textile reserves the right to make changes to the terms and conditions of website usage without prior notice.<\/p>\n\n\n\n<p>Links provided on this website to websites owned by third parties may take you outside the G\u00fczeldag Textile web network. G\u00fczeldag Textile is not responsible for the content, accuracy, or functionality of these websites. These links are provided in good faith. G\u00fczeldag Textile is not responsible for any subsequent changes in the linked sites. G\u00fczeldag Textile and any third party involved in the creation, production, or transmission of this website cannot be held liable for any direct, indirect, incidental, consequential, or punitive damages or liabilities arising from accessing or using this site.<\/p>\n\n\n\n<p>G\u00fczeldag Textile does not guarantee the suitability of the content on this website for any specific purpose. Additionally, G\u00fczeldag Textile cannot be held responsible for any damage to your computer hardware or other assets, or for any malicious software that may infect your computer systems, resulting from your access to or use of this website, or downloading any audio, visual, or text-based information or documents from this site.<\/p>\n\n\n\n<p>Except for job applications, any comments, suggestions, ideas, graphics, or other information you submit to us through our website or email accounts may be used by G\u00fczeldag Textile for commercial or non-commercial purposes without making any payment to you or any other person. G\u00fczeldag Textile is not obligated to keep such information confidential, except for job applications.<\/p>\n\n\n\n<p>G\u00fczeldag Textile cannot be held responsible for information provided by individuals under the age of 18 to G\u00fczeldag Textile-owned websites without the permission of their parents or guardians.<\/p>\n\n\n\n<p>G\u00fczeldag Textile may suspend the operation of this website during content updates or for support and maintenance purposes, and reserves the right to terminate access to this website at any time without prior notice.<\/p>\n\n\n\n<p>All information and recommendations provided on this website are of a general nature, and you should not rely on them to make decisions. While G\u00fczeldag Textile endeavors to ensure the accuracy of all information presented on this website at the time of inclusion, it does not provide any guarantee as to their accuracy.<\/p>\n\n\n\n<p>By using the G\u00fczeldag Textile website, every visitor is considered to have accepted the above-mentioned terms and conditions of use.<\/p>\n","protected":false},"excerpt":{"rendered":"<p>This website (www.guzeldagtekstil.com.tr) contains various designs, trademarks, logos, and information and documents including audio, visuals, and text (hereinafter referred to as \u2018content\u2019) that are the intellectual property and copyright of G\u00dcZELDA\u011e TEKST\u0130L DER\u0130C\u0130L\u0130K SANAY\u0130 VE T\u0130CARET L\u0130M\u0130TED&nbsp;\u015e\u0130RKET\u0130 (hereinafter referred to as \u2018G\u00fczeldag Textile\u2019) or used within the framework of a license agreement. The entire content [&hellip;]<\/p>\n","protected":false},"author":2,"featured_media":0,"parent":0,"menu_order":0,"comment_status":"closed","ping_status":"closed","template":"","meta":{"footnotes":""},"_links":{"self":[{"href":"https:\/\/www.guzeldagtekstil.com.tr\/en\/wp-json\/wp\/v2\/pages\/20"}],"collection":[{"href":"https:\/\/www.guzeldagtekstil.com.tr\/en\/wp-json\/wp\/v2\/pages"}],"about":[{"href":"https:\/\/www.guzeldagtekstil.com.tr\/en\/wp-json\/wp\/v2\/types\/page"}],"author":[{"embeddable":true,"href":"https:\/\/www.guzeldagtekstil.com.tr\/en\/wp-json\/wp\/v2\/users\/2"}],"replies":[{"embeddable":true,"href":"https:\/\/www.guzeldagtekstil.com.tr\/en\/wp-json\/wp\/v2\/comments?post=20"}],"version-history":[{"count":3,"href":"https:\/\/www.guzeldagtekstil.com.tr\/en\/wp-json\/wp\/v2\/pages\/20\/revisions"}],"predecessor-version":[{"id":700,"href":"https:\/\/www.guzeldagtekstil.com.tr\/en\/wp-json\/wp\/v2\/pages\/20\/revisions\/700"}],"wp:attachment":[{"href":"https:\/\/www.guzeldagtekstil.com.tr\/en\/wp-json\/wp\/v2\/media?parent=20"}],"curies":[{"name":"wp","href":"https:\/\/api.w.org\/{rel}","templated":true}]}}